{"id":32,"date":"2023-09-07T16:18:47","date_gmt":"2023-09-07T16:18:47","guid":{"rendered":"https:\/\/thedrip.umasscreate.net\/?page_id=32"},"modified":"2023-11-01T01:15:38","modified_gmt":"2023-11-01T01:15:38","slug":"grace-vo","status":"publish","type":"page","link":"https:\/\/thedrip.umasscreate.net\/?page_id=32","title":{"rendered":"Grace Vo"},"content":{"rendered":"\n<div class=\"wp-block-columns alignwide are-vertically-aligned-top is-layout-flex wp-container-core-columns-is-layout-08c01c1c wp-block-columns-is-layout-flex\">\n<div class=\"wp-block-column is-layout-flow wp-block-column-is-layout-flow\">\n<p>Class of 2020, BFA &#8211; @instagram.com\/my_hearts_roll<\/p>\n<\/div>\n<\/div>\n\n\n\n<p>T\u1ebft is Vietnamese for Lunar New Year. On this day my family makes time to gather and celebrate the new year. We prepare and arrange flowers, fruits, sweet treats, b\u00e1nh t\u00e9t (sticky rice cake) and l\u00ec x\u00ec (red envelope with money) together to bring our family good luck and fortune for the coming year. My favorite tradition is to watch and listen when my family ch\u00fac (to give blessings for the upcoming new year) each other. When it is my turn to ch\u00fac, I always hear something new from my parents that I didn\u2019t hear last year and it is always something I need to hear.&nbsp;<\/p>\n\n\n\n<figure class=\"wp-block-image size-large\"><img loading=\"lazy\" decoding=\"async\" width=\"693\" height=\"1024\" src=\"https:\/\/thedrip.umasscreate.net\/wp-content\/uploads\/2023\/10\/image_01_new_2_ADJ-693x1024.jpg\" alt=\"\" class=\"wp-image-211\" srcset=\"https:\/\/thedrip.umasscreate.net\/wp-content\/uploads\/2023\/10\/image_01_new_2_ADJ-693x1024.jpg 693w, https:\/\/thedrip.umasscreate.net\/wp-content\/uploads\/2023\/10\/image_01_new_2_ADJ-203x300.jpg 203w, https:\/\/thedrip.umasscreate.net\/wp-content\/uploads\/2023\/10\/image_01_new_2_ADJ-768x1134.jpg 768w, https:\/\/thedrip.umasscreate.net\/wp-content\/uploads\/2023\/10\/image_01_new_2_ADJ-1040x1536.jpg 1040w, https:\/\/thedrip.umasscreate.net\/wp-content\/uploads\/2023\/10\/image_01_new_2_ADJ.jpg 1300w\" sizes=\"auto, (max-width: 693px) 100vw, 693px\" \/><\/figure>\n\n\n\n<p>&nbsp;T\u1ebft with my Family series, 2021, analog photography<\/p>\n\n\n\n<figure class=\"wp-block-image size-large\"><img loading=\"lazy\" decoding=\"async\" width=\"1024\" height=\"700\" src=\"https:\/\/thedrip.umasscreate.net\/wp-content\/uploads\/2023\/11\/image_02_new_ADJ_FIXED-1024x700.jpg\" alt=\"\" class=\"wp-image-258\" srcset=\"https:\/\/thedrip.umasscreate.net\/wp-content\/uploads\/2023\/11\/image_02_new_ADJ_FIXED-1024x700.jpg 1024w, https:\/\/thedrip.umasscreate.net\/wp-content\/uploads\/2023\/11\/image_02_new_ADJ_FIXED-300x205.jpg 300w, https:\/\/thedrip.umasscreate.net\/wp-content\/uploads\/2023\/11\/image_02_new_ADJ_FIXED-768x525.jpg 768w, https:\/\/thedrip.umasscreate.net\/wp-content\/uploads\/2023\/11\/image_02_new_ADJ_FIXED-1536x1050.jpg 1536w, https:\/\/thedrip.umasscreate.net\/wp-content\/uploads\/2023\/11\/image_02_new_ADJ_FIXED.jpg 1902w\" sizes=\"auto, (max-width: 1024px) 100vw, 1024px\" \/><\/figure>\n\n\n\n<p>&nbsp;T\u1ebft with my Family series, 2021, analog photography<\/p>\n\n\n\n<figure class=\"wp-block-image size-large\"><img loading=\"lazy\" decoding=\"async\" width=\"1024\" height=\"693\" src=\"https:\/\/thedrip.umasscreate.net\/wp-content\/uploads\/2023\/10\/image_03_new_ADJ-1024x693.jpg\" alt=\"\" class=\"wp-image-213\" srcset=\"https:\/\/thedrip.umasscreate.net\/wp-content\/uploads\/2023\/10\/image_03_new_ADJ-1024x693.jpg 1024w, https:\/\/thedrip.umasscreate.net\/wp-content\/uploads\/2023\/10\/image_03_new_ADJ-300x203.jpg 300w, https:\/\/thedrip.umasscreate.net\/wp-content\/uploads\/2023\/10\/image_03_new_ADJ-768x520.jpg 768w, https:\/\/thedrip.umasscreate.net\/wp-content\/uploads\/2023\/10\/image_03_new_ADJ-1536x1040.jpg 1536w, https:\/\/thedrip.umasscreate.net\/wp-content\/uploads\/2023\/10\/image_03_new_ADJ.jpg 1920w\" sizes=\"auto, (max-width: 1024px) 100vw, 1024px\" \/><\/figure>\n\n\n\n<p>&nbsp;T\u1ebft with my Family series, 2021, analog photography<\/p>\n\n\n\n<figure class=\"wp-block-image size-large\"><img loading=\"lazy\" decoding=\"async\" width=\"1024\" height=\"700\" src=\"https:\/\/thedrip.umasscreate.net\/wp-content\/uploads\/2023\/11\/image_04_new_ADJ_FIXED-1024x700.jpg\" alt=\"\" class=\"wp-image-259\" srcset=\"https:\/\/thedrip.umasscreate.net\/wp-content\/uploads\/2023\/11\/image_04_new_ADJ_FIXED-1024x700.jpg 1024w, https:\/\/thedrip.umasscreate.net\/wp-content\/uploads\/2023\/11\/image_04_new_ADJ_FIXED-300x205.jpg 300w, https:\/\/thedrip.umasscreate.net\/wp-content\/uploads\/2023\/11\/image_04_new_ADJ_FIXED-768x525.jpg 768w, https:\/\/thedrip.umasscreate.net\/wp-content\/uploads\/2023\/11\/image_04_new_ADJ_FIXED-1536x1050.jpg 1536w, https:\/\/thedrip.umasscreate.net\/wp-content\/uploads\/2023\/11\/image_04_new_ADJ_FIXED.jpg 1902w\" sizes=\"auto, (max-width: 1024px) 100vw, 1024px\" \/><\/figure>\n\n\n\n<p>&nbsp;T\u1ebft with my Family series, 2021, analog photography<\/p>\n\n\n\n<figure class=\"wp-block-image size-large\"><img loading=\"lazy\" decoding=\"async\" width=\"1024\" height=\"700\" src=\"https:\/\/thedrip.umasscreate.net\/wp-content\/uploads\/2023\/11\/image_05_new_ADJ_FIXED-1024x700.jpg\" alt=\"\" class=\"wp-image-260\" srcset=\"https:\/\/thedrip.umasscreate.net\/wp-content\/uploads\/2023\/11\/image_05_new_ADJ_FIXED-1024x700.jpg 1024w, https:\/\/thedrip.umasscreate.net\/wp-content\/uploads\/2023\/11\/image_05_new_ADJ_FIXED-300x205.jpg 300w, https:\/\/thedrip.umasscreate.net\/wp-content\/uploads\/2023\/11\/image_05_new_ADJ_FIXED-768x525.jpg 768w, https:\/\/thedrip.umasscreate.net\/wp-content\/uploads\/2023\/11\/image_05_new_ADJ_FIXED-1536x1050.jpg 1536w, https:\/\/thedrip.umasscreate.net\/wp-content\/uploads\/2023\/11\/image_05_new_ADJ_FIXED.jpg 1902w\" sizes=\"auto, (max-width: 1024px) 100vw, 1024px\" \/><\/figure>\n\n\n\n<p>&nbsp;T\u1ebft with my Family series, 2021, analog photography<\/p>\n","protected":false},"excerpt":{"rendered":"<p>Class of 2020, BFA &#8211; @instagram.com\/my_hearts_roll T\u1ebft is Vietnamese for Lunar New Year. On this day my family makes time to gather and celebrate the new year. We prepare and arrange flowers, fruits, sweet treats, b\u00e1nh t\u00e9t (sticky rice cake) and l\u00ec x\u00ec (red envelope with money) together to bring our family good luck and [&hellip;]<\/p>\n","protected":false},"author":1,"featured_media":0,"parent":12,"menu_order":6,"comment_status":"closed","ping_status":"closed","template":"","meta":{"ngg_post_thumbnail":0,"footnotes":""},"class_list":["post-32","page","type-page","status-publish","hentry"],"_links":{"self":[{"href":"https:\/\/thedrip.umasscreate.net\/index.php?rest_route=\/wp\/v2\/pages\/32","targetHints":{"allow":["GET"]}}],"collection":[{"href":"https:\/\/thedrip.umasscreate.net\/index.php?rest_route=\/wp\/v2\/pages"}],"about":[{"href":"https:\/\/thedrip.umasscreate.net\/index.php?rest_route=\/wp\/v2\/types\/page"}],"author":[{"embeddable":true,"href":"https:\/\/thedrip.umasscreate.net\/index.php?rest_route=\/wp\/v2\/users\/1"}],"replies":[{"embeddable":true,"href":"https:\/\/thedrip.umasscreate.net\/index.php?rest_route=%2Fwp%2Fv2%2Fcomments&post=32"}],"version-history":[{"count":7,"href":"https:\/\/thedrip.umasscreate.net\/index.php?rest_route=\/wp\/v2\/pages\/32\/revisions"}],"predecessor-version":[{"id":261,"href":"https:\/\/thedrip.umasscreate.net\/index.php?rest_route=\/wp\/v2\/pages\/32\/revisions\/261"}],"up":[{"embeddable":true,"href":"https:\/\/thedrip.umasscreate.net\/index.php?rest_route=\/wp\/v2\/pages\/12"}],"wp:attachment":[{"href":"https:\/\/thedrip.umasscreate.net\/index.php?rest_route=%2Fwp%2Fv2%2Fmedia&parent=32"}],"curies":[{"name":"wp","href":"https:\/\/api.w.org\/{rel}","templated":true}]}}